{"id":299,"date":"2020-07-21T13:06:28","date_gmt":"2020-07-21T11:06:28","guid":{"rendered":"http:\/\/rave-minerals.de\/wordpress\/?post_type=product&#038;p=299"},"modified":"2026-01-19T10:02:36","modified_gmt":"2026-01-19T09:02:36","slug":"ptcr-sth-1130-1400c","status":"publish","type":"product","link":"https:\/\/rave-minerals.de\/wordpress\/produkt\/ptcr-sth-1130-1400c\/","title":{"rendered":"PTCR &#8211; STH 1130-1400\u00b0C"},"content":{"rendered":"<p><strong>PTCR STH<\/strong><br \/>\n<strong>1130-1400\u00b0C<\/strong><\/p>\n<p>Ringfarbe: Mintgr\u00fcn<\/p>\n<p>Die Ringe sind in R\u00f6hrchen zu je 15 St\u00fcck abgepackt und werden in Kartons zu je 40 R\u00f6hrchen (600 Ringe) verkauft.<\/p>\n<p>Mindestabnahmemenge sind 300 St\u00fcck.<\/p>\n<p><strong><em>Ausnahme:<\/em><\/strong> Testpackung hier handelt es sich um ein R\u00f6hrchen mit 15 Ringen.<\/p>\n<p>Wir haben allerdings immer Restmengen, fragen Sie uns daher gerne an, wir erstellen Ihnen ein individuelles Angebot<\/p>\n<div data-test='contact-form'\n\t\t\tid='contact-form-299'\n\t\t\tclass='jetpack-contact-form-container '\n\t\t\tdata-wp-interactive='jetpack\/form' data-wp-context='{\"formId\":\"299\",\"formHash\":\"7c31425bed660efdb9268bbbc6f2bb69e28e820e\",\"showErrors\":false,\"errors\":[],\"fields\":[],\"isMultiStep\":false,\"useAjax\":true,\"submissionData\":null,\"formattedSubmissionData\":[],\"submissionSuccess\":false,\"submissionError\":null,\"elementId\":\"jp-form-7c31425bed660efdb9268bbbc6f2bb69e28e820e\",\"isSingleInputForm\":false,\"isForcedHorizontal\":false}'\n\t\t\tdata-wp-watch--scroll-to-wrapper=\"callbacks.scrollToWrapper\"\n\t\t>\n<div class=\"contact-form-submission contact-form-ajax-submission\" data-wp-bind--aria-hidden=\"state.isSuccessMessageAriaHidden\" data-wp-class--submission-success=\"context.submissionSuccess\" id=\"contact-form-success-7c31425bed660efdb9268bbbc6f2bb69e28e820e\" tabindex=\"-1\" aria-labelledby=\"contact-form-success-header-7c31425bed660efdb9268bbbc6f2bb69e28e820e\"><p class=\"go-back-message\"><a class=\"link\" role=\"button\" tabindex=\"0\" data-wp-on--click=\"actions.goBack\" href=\"\/wordpress\/wp-json\/wp\/v2\/product\/299\">\u2190 Zur\u00fcck<\/a><\/p><h4 data-wp-bind--aria-hidden=\"state.isSuccessMessageAriaHidden\" id=\"contact-form-success-header-7c31425bed660efdb9268bbbc6f2bb69e28e820e\">Vielen Dank f\u00fcr deine Antwort. \u2728<\/h4>\n\n<template data-wp-each--submission=\"context.formattedSubmissionData\">\n\t\t\t\t\t<div class=\"jetpack_forms_contact-form-success-summary\">\n\t\t\t\t\t\t<div class=\"field-name-wrapper\">\n\t\t\t\t\t\t\t<div class=\"field-type-icon\" data-wp-watch=\"callbacks.watchFieldTypeIcon\"><\/div>\n\t\t\t\t\t\t\t<div class=\"field-name\" data-wp-text=\"context.submission.label\" data-wp-bind--hidden=\"!context.submission.label\"><\/div>\n\t\t\t\t\t\t<\/div>\n\t\t\t\t\t\t<div class=\"field-value\" data-wp-text=\"context.submission.value\" data-wp-bind--hidden=\"!context.submission.showPlainValue\"><\/div>\n\t\t\t\t\t\t<a class=\"field-url\" data-wp-bind--href=\"context.submission.url\" data-wp-text=\"context.submission.value\" data-wp-bind--hidden=\"!context.submission.url\" target=\"_blank\" rel=\"noopener noreferrer\"><\/a>\n\t\t\t\t\t\t<div class=\"field-rating\" data-wp-bind--hidden=\"!context.submission.rating\" data-wp-watch=\"callbacks.watchRatingIcons\"><\/div>\n\t\t\t\t\t\t<div class=\"field-images\" data-wp-bind--hidden=\"!context.submission.images\">\n\t\t\t\t\t\t\t<template data-wp-each--image=\"context.submission.images\">\n\t\t\t\t\t\t\t\t<div class=\"field-image-option\" data-wp-class--is-empty=\"!context.image.src\">\n\t\t\t\t\t\t\t\t\t<figure class=\"field-image-option__image\" data-wp-class--is-empty=\"!context.image.src\">\n\t\t\t\t\t\t\t\t\t\t<img data-wp-bind--src=\"context.image.src\" data-wp-bind--hidden=\"!context.image.src\" \/>\n\t\t\t\t\t\t\t\t\t\t<img decoding=\"async\" src=\"data:image\/gif;base64,R0lGODlhAQABAAD\/ACwAAAAAAQABAAACADs=\" data-wp-bind--hidden=\"context.image.src\" \/>\n\t\t\t\t\t\t\t\t\t<\/figure>\n\t\t\t\t\t\t\t\t\t<div class=\"field-image-option__label-wrapper\">\n\t\t\t\t\t\t\t\t\t\t<span class=\"field-image-option__label-code\" data-wp-text=\"context.image.letterCode\"><\/span>\n\t\t\t\t\t\t\t\t\t\t<span class=\"field-image-option__label\" data-wp-text=\"context.image.label\" data-wp-bind--hidden=\"!context.image.label\"><\/span>\n\t\t\t\t\t\t\t\t\t<\/div>\n\t\t\t\t\t\t\t\t<\/div>\n\t\t\t\t\t\t\t<\/template>\n\t\t\t\t\t\t<\/div>\n\t\t\t\t\t\t<div class=\"field-files\" data-wp-bind--hidden=\"!context.submission.files\">\n\t\t\t\t\t\t\t<template data-wp-each--file=\"context.submission.files\">\n\t\t\t\t\t\t\t\t<div class=\"field-file\">\n\t\t\t\t\t\t\t\t\t<div class=\"field-file__thumbnail\" data-wp-style--background-image=\"context.file.previewUrl\" data-wp-style--mask-image=\"context.file.iconUrl\" data-wp-bind--hidden=\"!context.file.hasPreview\"><\/div>\n\t\t\t\t\t\t\t\t\t<svg class=\"field-file__icon\" data-wp-bind--hidden=\"context.file.hasPreview\" width=\"20\" height=\"20\" viewBox=\"0 0 24 24\" fill=\"none\" xmlns=\"http:\/\/www.w3.org\/2000\/svg\" aria-hidden=\"true\">\n\t\t\t\t\t\t\t\t\t\t<path d=\"M14 2H6C4.9 2 4 2.9 4 4V20C4 21.1 4.89 22 5.99 22H18C19.1 22 20 21.1 20 20V8L14 2ZM18 20H6V4H13V9H18V20Z\" fill=\"currentColor\"\/>\n\t\t\t\t\t\t\t\t\t<\/svg>\n\t\t\t\t\t\t\t\t\t<span class=\"field-file__name\" data-wp-text=\"context.file.name\"><\/span>\n\t\t\t\t\t\t\t\t\t<span class=\"field-file__size\" data-wp-text=\"context.file.size\"><\/span>\n\t\t\t\t\t\t\t\t<\/div>\n\t\t\t\t\t\t\t<\/template>\n\t\t\t\t\t\t<\/div>\n\t\t\t\t\t<\/div>\n\t\t\t\t<\/template><\/div><form action='https:\/\/rave-minerals.de\/wordpress\/produkt\/ptcr-sth-1130-1400c\/'\n\t\t\t\tid='jp-form-7c31425bed660efdb9268bbbc6f2bb69e28e820e'\n\t\t\t\tmethod='post'\n\t\t\t\tclass='contact-form commentsblock jetpack-contact-form__form has-no-jetpack-form-layout' aria-label=\"PTCR - STH 1130-1400\u00b0C\"\n\t\t\t\tdata-wp-on--submit=\"actions.onFormSubmit\"\n\t\t\t\tdata-wp-on--reset=\"actions.onFormReset\"\n\t\t\t\tdata-wp-class--submission-success=\"context.submissionSuccess\"\n\t\t\t\tdata-wp-class--is-first-step=\"state.isFirstStep\"\n\t\t\t\tdata-wp-class--is-last-step=\"state.isLastStep\"\n\t\t\t\tdata-wp-class--is-ajax-form=\"context.useAjax\"\n\t\t\t\tnovalidate >\n<input type='hidden' name='jetpack_contact_form_jwt' value='eyJ0eXAiOiJKV1QiLCJhbGciOiJIUzI1NiJ9.eyJlbmNyeXB0ZWRfYXR0cmlidXRlcyI6ImY3aHVLdHdLVGN2WHIvNUZRaTV4WndaWXJidk1XSCt3U0Y1cXN5TEJkRWwyM1p6cG5jaCtvK3pNYkx6dlBRY3ViSGhtd2VQQU04UUVzVFhUMlo3V1NONzdrVjNkdUVpNzV5eXBLclp2c21SWS9QVVNtM0RsaWpoNjdiemo2dndFZW96NmRZWUFpd3NrQ0VPYXpNTTU3ZXIzKzJXRTlZVXhNSTR6cS9EN3hnbm40VG9QOUJWa28wOFpEQ0lzbVQyWXJURkU0YVBnNDNUa0tGT3ZsSTlMbDVma2x2NUo5cVg4aHFMWFJtT244VVJBYmFYdXN3TWxqTWNmbVYrY2VOOS80S202ZHZrNzNKaHpUV2c2V295RGEwWDFtTlNRR1FEUXl3aytENnpMYTkvVUprS0ExSmdvVTFwak9DZDJuYTgrT1l1eHlvWklmRXlvQXFzcThiNGgxSGVQeEFudGg5L1BBYjd5TUl5clJiQVFKNnBZclBaT3dRdjhVNjF2b3VLVnBJRnV1RW1ablh5QmthMkVlSjJNbDY4ZFRDMWIvbnJXWi9vUS9WL1gzbGliVndNV2U0Vlc2MHI3VlFkcFdjRTZYdlNXdVZqUnczVVQxc3Q2MXA1dlNYYVN0d0haMGMxNTZMckxFQlZ3bWZMc0Q3K3NlbklPU1dYYzhFUUZRbUFXMENFVG8rTER3REt3ak9MOG9UdHFmQ2lkYlFmSGQ3RW0wMzlNczI0T0daWCtNQVE0elZvZHBsS2EycXZ1TitNS1NjUVBLaXl1ODJjc3AxSjhHVU01clRNTGlpQWJnaUF0OWdINEhaRHFlVGlEeWFZTUpsM2NxeDNzQTNBRkhQaWNPalMvU21xNXREaXdnWEVZeDhrVzNySlFSL2RLOGk4bTJoTmo2VExOZEQ1ZG9FOEdYU1kzWmFVU1JGemZMdHRWSlVYVzJZRngrZHB6dHU3d0VvcUpGQk5uN0wySzVZdUVuSHR4MGhCU0hzbnhIbDE4c2VPSFY0YjZnR3hlMnlodEErK1YrY1Fsb2dvTTNFdE44aWdpYzVCallLT0dBR2Vnbk8rQjgxNHQ3enhpZ1NvaGZ3cFNhNnpFUVpPYjhRRFE5VnRESVJHNG9QVlRheXBLa2U2YjVJTlhjRGdWZXo5bkpIR0JhN2Vhb0hMWWF6c0QrbWVGRTZTelk5SkNTNkh6NysrbmtEN1BFM3pQSmc9PSIsImNvbnRlbnQiOiJbY29udGFjdC1maWVsZCBsYWJlbD1cIkZpcm1hXCIgdHlwZT1cIm5hbWVcIl1bY29udGFjdC1maWVsZCBsYWJlbD1cIk5hbWVcIiB0eXBlPVwibmFtZVwiIHJlcXVpcmVkPVwiMVwiXVtjb250YWN0LWZpZWxkIGxhYmVsPVwiRS1NYWlsXCIgdHlwZT1cImVtYWlsXCIgcmVxdWlyZWQ9XCIxXCJdW2NvbnRhY3QtZmllbGQgbGFiZWw9XCJNZW5nZVwiIHR5cGU9XCJzZWxlY3RcIiByZXF1aXJlZD1cIjFcIiBvcHRpb25zPVwiMzAsNDUsNjAsNzUsOTAsMTA1LDEyMCwxMzUsMTUwLDE2NSwxODAsMTk1LDIxMCwyMjUsMjQwLDI1NSwyNzAsMjg1XCJdIiwiaGFzaCI6IjdjMzE0MjViZWQ2NjBlZmRiOTI2OGJiYmM2ZjJiYjY5ZTI4ZTgyMGUiLCJzb3VyY2UiOnsiZW50cnlfdGl0bGUiOiJQVENSIFx1MjAxMyBTVEggMTEzMC0xNDAwXHUwMGIwQyIsImVudHJ5X3BhZ2UiOjEsInNvdXJjZV9pZCI6Mjk5LCJzb3VyY2VfdHlwZSI6InNpbmdsZSIsInJlcXVlc3RfdXJsIjoiaHR0cHM6Ly9yYXZlLW1pbmVyYWxzLmRlL3dvcmRwcmVzcy93cC1qc29uL3dwL3YyL3Byb2R1Y3QvMjk5In0sInZlcnNpb24iOjIsImNpcGhlciI6ImFlcy0yNTYtZ2NtIn0.w0y8PEfDz_ARcw_s44fAAavdRle61tr0U_X0jlDKCG4' \/>\n\n<div style=\"\"  data-wp-interactive=\"jetpack\/form\" data-wp-context='{\"fieldId\":\"g299-firma\",\"fieldType\":\"name\",\"fieldLabel\":\"Firma\",\"fieldValue\":\"\",\"fieldPlaceholder\":\"\",\"fieldIsRequired\":\"\",\"fieldErrorMessage\":\"\",\"fieldExtra\":[],\"formHash\":\"7c31425bed660efdb9268bbbc6f2bb69e28e820e\"}'  class='grunion-field-name-wrap grunion-field-wrap'  data-wp-init='callbacks.initializeField' data-wp-on--jetpack-form-reset='callbacks.initializeField' >\n<label\n\t\t\t\tfor='g299-firma' class=\"grunion-field-label name\" >Firma<\/label>\n<input\n\t\t\t\t\ttype='text'\n\t\t\t\t\tname='g299-firma'\n\t\t\t\t\tid='g299-firma'\n\t\t\t\t\tvalue=''\n\n\t\t\t\t\tdata-wp-bind--aria-invalid='state.fieldAriaInvalid'\n\t\t\t\t\tdata-wp-bind--value='state.getFieldValue'\n\t\t\t\t\taria-describedby='g299-firma-text-error-message'\n\t\t\t\t\tdata-wp-on--input='actions.onFieldChange'\n\t\t\t\t\tdata-wp-on--blur='actions.onFieldBlur'\n\t\t\t\t\tdata-wp-class--has-value='state.hasFieldValue'\n\n\t\t\t\t\tclass='name  grunion-field' \n\t\t\t\t\t \/>\n \n\t\t\t<div id=\"g299-firma-text-error\" class=\"contact-form__input-error\" data-wp-class--has-errors=\"state.fieldHasErrors\">\n\t\t\t\t<span class=\"contact-form__warning-icon\" aria-hidden=\"true\">\n\t\t\t\t\t<svg width=\"16\" height=\"16\" viewBox=\"0 0 16 16\" fill=\"none\" xmlns=\"http:\/\/www.w3.org\/2000\/svg\">\n\t\t\t\t\t\t<path d=\"M8.50015 11.6402H7.50015V10.6402H8.50015V11.6402Z\" \/>\n\t\t\t\t\t\t<path d=\"M7.50015 9.64018H8.50015V6.30684H7.50015V9.64018Z\" \/>\n\t\t\t\t\t\t<path fill-rule=\"evenodd\" clip-rule=\"evenodd\" d=\"M6.98331 3.0947C7.42933 2.30177 8.57096 2.30177 9.01698 3.09469L13.8771 11.7349C14.3145 12.5126 13.7525 13.4735 12.8602 13.4735H3.14004C2.24774 13.4735 1.68575 12.5126 2.12321 11.7349L6.98331 3.0947ZM8.14541 3.58496C8.08169 3.47168 7.9186 3.47168 7.85488 3.58496L2.99478 12.2251C2.93229 12.3362 3.01257 12.4735 3.14004 12.4735H12.8602C12.9877 12.4735 13.068 12.3362 13.0055 12.2251L8.14541 3.58496Z\" \/>\n\t\t\t\t\t<\/svg>\n\t\t\t\t<\/span>\n\t\t\t\t<span data-wp-text=\"state.errorMessage\" id=\"g299-firma-text-error-message\"><\/span>\n\t\t\t<\/div> \n\t<\/div>\n\n<div style=\"\"  data-wp-interactive=\"jetpack\/form\" data-wp-context='{\"fieldId\":\"g299-name\",\"fieldType\":\"name\",\"fieldLabel\":\"Name\",\"fieldValue\":\"\",\"fieldPlaceholder\":\"\",\"fieldIsRequired\":\"1\",\"fieldErrorMessage\":\"\",\"fieldExtra\":[],\"formHash\":\"7c31425bed660efdb9268bbbc6f2bb69e28e820e\"}'  class='grunion-field-name-wrap grunion-field-wrap'  data-wp-init='callbacks.initializeField' data-wp-on--jetpack-form-reset='callbacks.initializeField' >\n<label\n\t\t\t\tfor='g299-name' class=\"grunion-field-label name\" >Name<span class=\"grunion-label-required\" aria-hidden=\"true\">(erforderlich)<\/span><\/label>\n<input\n\t\t\t\t\ttype='text'\n\t\t\t\t\tname='g299-name'\n\t\t\t\t\tid='g299-name'\n\t\t\t\t\tvalue=''\n\n\t\t\t\t\tdata-wp-bind--aria-invalid='state.fieldAriaInvalid'\n\t\t\t\t\tdata-wp-bind--value='state.getFieldValue'\n\t\t\t\t\taria-describedby='g299-name-text-error-message'\n\t\t\t\t\tdata-wp-on--input='actions.onFieldChange'\n\t\t\t\t\tdata-wp-on--blur='actions.onFieldBlur'\n\t\t\t\t\tdata-wp-class--has-value='state.hasFieldValue'\n\n\t\t\t\t\tclass='name  grunion-field' \n\t\t\t\t\trequired='true' aria-required='true'  \/>\n \n\t\t\t<div id=\"g299-name-text-error\" class=\"contact-form__input-error\" data-wp-class--has-errors=\"state.fieldHasErrors\">\n\t\t\t\t<span class=\"contact-form__warning-icon\" aria-hidden=\"true\">\n\t\t\t\t\t<svg width=\"16\" height=\"16\" viewBox=\"0 0 16 16\" fill=\"none\" xmlns=\"http:\/\/www.w3.org\/2000\/svg\">\n\t\t\t\t\t\t<path d=\"M8.50015 11.6402H7.50015V10.6402H8.50015V11.6402Z\" \/>\n\t\t\t\t\t\t<path d=\"M7.50015 9.64018H8.50015V6.30684H7.50015V9.64018Z\" \/>\n\t\t\t\t\t\t<path fill-rule=\"evenodd\" clip-rule=\"evenodd\" d=\"M6.98331 3.0947C7.42933 2.30177 8.57096 2.30177 9.01698 3.09469L13.8771 11.7349C14.3145 12.5126 13.7525 13.4735 12.8602 13.4735H3.14004C2.24774 13.4735 1.68575 12.5126 2.12321 11.7349L6.98331 3.0947ZM8.14541 3.58496C8.08169 3.47168 7.9186 3.47168 7.85488 3.58496L2.99478 12.2251C2.93229 12.3362 3.01257 12.4735 3.14004 12.4735H12.8602C12.9877 12.4735 13.068 12.3362 13.0055 12.2251L8.14541 3.58496Z\" \/>\n\t\t\t\t\t<\/svg>\n\t\t\t\t<\/span>\n\t\t\t\t<span data-wp-text=\"state.errorMessage\" id=\"g299-name-text-error-message\"><\/span>\n\t\t\t<\/div> \n\t<\/div>\n\n<div style=\"\"  data-wp-interactive=\"jetpack\/form\" data-wp-context='{\"fieldId\":\"g299-email\",\"fieldType\":\"email\",\"fieldLabel\":\"E-Mail\",\"fieldValue\":\"\",\"fieldPlaceholder\":\"\",\"fieldIsRequired\":\"1\",\"fieldErrorMessage\":\"\",\"fieldExtra\":[],\"formHash\":\"7c31425bed660efdb9268bbbc6f2bb69e28e820e\"}'  class='grunion-field-email-wrap grunion-field-wrap'  data-wp-init='callbacks.initializeField' data-wp-on--jetpack-form-reset='callbacks.initializeField' >\n<label\n\t\t\t\tfor='g299-email' class=\"grunion-field-label email\" >E-Mail<span class=\"grunion-label-required\" aria-hidden=\"true\">(erforderlich)<\/span><\/label>\n<input\n\t\t\t\t\ttype='email'\n\t\t\t\t\tname='g299-email'\n\t\t\t\t\tid='g299-email'\n\t\t\t\t\tvalue=''\n\n\t\t\t\t\tdata-wp-bind--aria-invalid='state.fieldAriaInvalid'\n\t\t\t\t\tdata-wp-bind--value='state.getFieldValue'\n\t\t\t\t\taria-describedby='g299-email-email-error-message'\n\t\t\t\t\tdata-wp-on--input='actions.onFieldChange'\n\t\t\t\t\tdata-wp-on--blur='actions.onFieldBlur'\n\t\t\t\t\tdata-wp-class--has-value='state.hasFieldValue'\n\n\t\t\t\t\tclass='email  grunion-field' \n\t\t\t\t\trequired='true' aria-required='true'  \/>\n \n\t\t\t<div id=\"g299-email-email-error\" class=\"contact-form__input-error\" data-wp-class--has-errors=\"state.fieldHasErrors\">\n\t\t\t\t<span class=\"contact-form__warning-icon\" aria-hidden=\"true\">\n\t\t\t\t\t<svg width=\"16\" height=\"16\" viewBox=\"0 0 16 16\" fill=\"none\" xmlns=\"http:\/\/www.w3.org\/2000\/svg\">\n\t\t\t\t\t\t<path d=\"M8.50015 11.6402H7.50015V10.6402H8.50015V11.6402Z\" \/>\n\t\t\t\t\t\t<path d=\"M7.50015 9.64018H8.50015V6.30684H7.50015V9.64018Z\" \/>\n\t\t\t\t\t\t<path fill-rule=\"evenodd\" clip-rule=\"evenodd\" d=\"M6.98331 3.0947C7.42933 2.30177 8.57096 2.30177 9.01698 3.09469L13.8771 11.7349C14.3145 12.5126 13.7525 13.4735 12.8602 13.4735H3.14004C2.24774 13.4735 1.68575 12.5126 2.12321 11.7349L6.98331 3.0947ZM8.14541 3.58496C8.08169 3.47168 7.9186 3.47168 7.85488 3.58496L2.99478 12.2251C2.93229 12.3362 3.01257 12.4735 3.14004 12.4735H12.8602C12.9877 12.4735 13.068 12.3362 13.0055 12.2251L8.14541 3.58496Z\" \/>\n\t\t\t\t\t<\/svg>\n\t\t\t\t<\/span>\n\t\t\t\t<span data-wp-text=\"state.errorMessage\" id=\"g299-email-email-error-message\"><\/span>\n\t\t\t<\/div> \n\t<\/div>\n\n<div style=\"\"  data-wp-interactive=\"jetpack\/form\" data-wp-context='{\"fieldId\":\"g299-menge\",\"fieldType\":\"select\",\"fieldLabel\":\"Menge\",\"fieldValue\":\"\",\"fieldPlaceholder\":\"\",\"fieldIsRequired\":\"1\",\"fieldErrorMessage\":\"\",\"fieldExtra\":[],\"formHash\":\"7c31425bed660efdb9268bbbc6f2bb69e28e820e\"}'  class='grunion-field-select-wrap grunion-field-wrap'  data-wp-init='callbacks.initializeField' data-wp-on--jetpack-form-reset='callbacks.initializeField' >\n<label\n\t\t\t\tfor='g299-menge' class=\"grunion-field-label select\" >Menge<span class=\"grunion-label-required\" aria-hidden=\"true\">(erforderlich)<\/span><\/label>\n<div class=\"contact-form__select-wrapper select  grunion-field\"  style=''>\t<span class='contact-form__select-element-wrapper'><select name='g299-menge' id='g299-menge' required aria-required='true' data-wp-on--change='actions.onFieldChange' data-wp-bind--aria-invalid='state.fieldAriaInvalid' >\n\t\t<option value=''>W\u00e4hle eine Option<\/option>\n\t\t<option value='30'>30<\/option>\n\t\t<option value='45'>45<\/option>\n\t\t<option value='60'>60<\/option>\n\t\t<option value='75'>75<\/option>\n\t\t<option value='90'>90<\/option>\n\t\t<option value='105'>105<\/option>\n\t\t<option value='120'>120<\/option>\n\t\t<option value='135'>135<\/option>\n\t\t<option value='150'>150<\/option>\n\t\t<option value='165'>165<\/option>\n\t\t<option value='180'>180<\/option>\n\t\t<option value='195'>195<\/option>\n\t\t<option value='210'>210<\/option>\n\t\t<option value='225'>225<\/option>\n\t\t<option value='240'>240<\/option>\n\t\t<option value='255'>255<\/option>\n\t\t<option value='270'>270<\/option>\n\t\t<option value='285'>285<\/option>\n\t<\/select><span class='jetpack-field-dropdown__icon'><\/span><\/span>\n<\/div>\n\n\t\t\t<div id=\"g299-menge-select-error\" class=\"contact-form__input-error\" data-wp-class--has-errors=\"state.fieldHasErrors\">\n\t\t\t\t<span class=\"contact-form__warning-icon\" aria-hidden=\"true\">\n\t\t\t\t\t<svg width=\"16\" height=\"16\" viewBox=\"0 0 16 16\" fill=\"none\" xmlns=\"http:\/\/www.w3.org\/2000\/svg\">\n\t\t\t\t\t\t<path d=\"M8.50015 11.6402H7.50015V10.6402H8.50015V11.6402Z\" \/>\n\t\t\t\t\t\t<path d=\"M7.50015 9.64018H8.50015V6.30684H7.50015V9.64018Z\" \/>\n\t\t\t\t\t\t<path fill-rule=\"evenodd\" clip-rule=\"evenodd\" d=\"M6.98331 3.0947C7.42933 2.30177 8.57096 2.30177 9.01698 3.09469L13.8771 11.7349C14.3145 12.5126 13.7525 13.4735 12.8602 13.4735H3.14004C2.24774 13.4735 1.68575 12.5126 2.12321 11.7349L6.98331 3.0947ZM8.14541 3.58496C8.08169 3.47168 7.9186 3.47168 7.85488 3.58496L2.99478 12.2251C2.93229 12.3362 3.01257 12.4735 3.14004 12.4735H12.8602C12.9877 12.4735 13.068 12.3362 13.0055 12.2251L8.14541 3.58496Z\" \/>\n\t\t\t\t\t<\/svg>\n\t\t\t\t<\/span>\n\t\t\t\t<span data-wp-text=\"state.errorMessage\" id=\"g299-menge-select-error-message\"><\/span>\n\t\t\t<\/div>\t<\/div>\n\t<p class='contact-submit'>\n<div class=\"contact-form__error\" data-wp-class--show-errors=\"state.showFormErrors\"><span class=\"contact-form__warning-icon\" aria-hidden=\"true\"><i><\/i><\/span><span class=\"contact-form__error-message\" tabindex=\"-1\" data-wp-watch=\"callbacks.focusOnValidationError\" data-wp-text=\"state.getFormErrorMessage\"><\/span><ul aria-label=\"Formularfehler\">\n\t\t\t\t<template data-wp-each=\"state.getErrorList\" data-wp-key=\"context.item.id\">\n\t\t\t\t\t<li><a data-wp-bind--href=\"context.item.anchor\" data-wp-on--click=\"actions.scrollIntoView\" data-wp-text=\"context.item.label\"><\/a><\/li>\n\t\t\t\t<\/template>\n\t\t\t\t<\/ul><\/div><div class=\"contact-form__error\" data-wp-class--show-errors=\"state.showSubmissionError\" data-wp-text=\"context.submissionError\" tabindex=\"-1\" data-wp-watch=\"callbacks.focusOnSubmissionError\"><\/div>\t\t<button type='submit' class='pushbutton-wide'>Senden<\/button>\t\t<input type='hidden' name='contact-form-id' value='299' \/>\n\t\t<input type='hidden' name='action' value='grunion-contact-form' \/>\n\t\t<input type='hidden' name='contact-form-hash' value='7c31425bed660efdb9268bbbc6f2bb69e28e820e' \/>\n\t<\/p>\n<\/form>\n<\/div>\n","protected":false},"excerpt":{"rendered":"<p>PTCR STH 1130-1400\u00b0C Ringfarbe: Mintgr\u00fcn Die Ringe sind in R\u00f6hrchen zu je 15 St\u00fcck abgepackt und werden in Kartons zu je 40 R\u00f6hrchen (600 Ringe) verkauft. Mindestabnahmemenge sind 300 St\u00fcck. Ausnahme: Testpackung hier handelt es sich um ein R\u00f6hrchen mit 15 Ringen. Wir haben allerdings immer Restmengen, fragen Sie uns daher gerne an, wir erstellen &hellip; <\/p>\n<p class=\"link-more\"><a href=\"https:\/\/rave-minerals.de\/wordpress\/produkt\/ptcr-sth-1130-1400c\/\" class=\"more-link\"><span class=\"screen-reader-text\">\u201ePTCR &#8211; STH 1130-1400\u00b0C\u201c<\/span> weiterlesen<\/a><\/p>\n","protected":false},"featured_media":313,"template":"","meta":[],"product_brand":[],"product_cat":[21],"product_tag":[68,60,62,67,61],"class_list":{"0":"post-299","1":"product","2":"type-product","3":"status-publish","4":"has-post-thumbnail","6":"product_cat-temperaturkontrolle-ptcr","7":"product_tag-1130-1400","8":"product_tag-ptcr","9":"product_tag-ringe","10":"product_tag-sth","11":"product_tag-temperaturkontrolle","13":"first","14":"instock","15":"sold-individually","16":"taxable","17":"shipping-taxable","18":"purchasable","19":"product-type-variable","20":"has-default-attributes"},"jetpack_sharing_enabled":true,"_links":{"self":[{"href":"https:\/\/rave-minerals.de\/wordpress\/wp-json\/wp\/v2\/product\/299","targetHints":{"allow":["GET"]}}],"collection":[{"href":"https:\/\/rave-minerals.de\/wordpress\/wp-json\/wp\/v2\/product"}],"about":[{"href":"https:\/\/rave-minerals.de\/wordpress\/wp-json\/wp\/v2\/types\/product"}],"wp:featuredmedia":[{"embeddable":true,"href":"https:\/\/rave-minerals.de\/wordpress\/wp-json\/wp\/v2\/media\/313"}],"wp:attachment":[{"href":"https:\/\/rave-minerals.de\/wordpress\/wp-json\/wp\/v2\/media?parent=299"}],"wp:term":[{"taxonomy":"product_brand","embeddable":true,"href":"https:\/\/rave-minerals.de\/wordpress\/wp-json\/wp\/v2\/product_brand?post=299"},{"taxonomy":"product_cat","embeddable":true,"href":"https:\/\/rave-minerals.de\/wordpress\/wp-json\/wp\/v2\/product_cat?post=299"},{"taxonomy":"product_tag","embeddable":true,"href":"https:\/\/rave-minerals.de\/wordpress\/wp-json\/wp\/v2\/product_tag?post=299"}],"curies":[{"name":"wp","href":"https:\/\/api.w.org\/{rel}","templated":true}]}}