{"id":506,"date":"2020-08-17T14:47:11","date_gmt":"2020-08-17T12:47:11","guid":{"rendered":"https:\/\/rave-minerals.de\/wordpress\/?page_id=506"},"modified":"2020-08-18T16:36:10","modified_gmt":"2020-08-18T14:36:10","slug":"siliziumkarbid-sic","status":"publish","type":"page","link":"https:\/\/rave-minerals.de\/wordpress\/siliziumkarbid-sic\/","title":{"rendered":"Siliziumkarbid (SiC) in FEPA Makro- und Mikrok\u00f6rnung"},"content":{"rendered":"\n<h2 class=\"wp-block-heading\">Anwendungen<\/h2>\n\n\n\n<ul class=\"wp-block-list\"><li>Schleifen<\/li><li>Strahlen<\/li><li>Honen<\/li><li>L\u00e4ppen<\/li><\/ul>\n\n\n\n<div class=\"wp-block-jetpack-tiled-gallery aligncenter is-style-square\"><div class=\"tiled-gallery__gallery\"><div class=\"tiled-gallery__row columns-6\"><div class=\"tiled-gallery__col\"><figure class=\"tiled-gallery__item\"><img decoding=\"async\" srcset=\"https:\/\/i1.wp.com\/rave-minerals.de\/wordpress\/wp-content\/uploads\/2020\/07\/Cristal_Carborandum_Carborundum_Moissanite_artificielle_FL_GLAM_MHNL_2016_ref_E90_c-1.jpg?resize=472%2C472&#038;strip=info&#038;ssl=1 472w\" alt=\"\" data-height=\"472\" data-id=\"251\" data-link=\"https:\/\/rave-minerals.de\/wordpress\/webshop\/cristal_carborandum_carborundum_moissanite_artificielle_fl_glam_mhnl_2016_ref_e90_c-1\/\" data-url=\"https:\/\/rave-minerals.de\/wordpress\/wp-content\/uploads\/2020\/07\/Cristal_Carborandum_Carborundum_Moissanite_artificielle_FL_GLAM_MHNL_2016_ref_E90_c-1.jpg\" data-width=\"487\" src=\"https:\/\/i1.wp.com\/rave-minerals.de\/wordpress\/wp-content\/uploads\/2020\/07\/Cristal_Carborandum_Carborundum_Moissanite_artificielle_FL_GLAM_MHNL_2016_ref_E90_c-1.jpg?ssl=1&amp;resize=472%2C472\" layout=\"responsive\"\/><\/figure><\/div><div class=\"tiled-gallery__col\"><figure class=\"tiled-gallery__item\"><img decoding=\"async\" srcset=\"https:\/\/i0.wp.com\/rave-minerals.de\/wordpress\/wp-content\/uploads\/2020\/07\/180620-F-IL571-001-2.jpg?resize=600%2C600&#038;strip=info&#038;ssl=1 600w,https:\/\/i0.wp.com\/rave-minerals.de\/wordpress\/wp-content\/uploads\/2020\/07\/180620-F-IL571-001-2.jpg?resize=840%2C840&#038;strip=info&#038;ssl=1 840w\" alt=\"\" data-height=\"840\" data-id=\"256\" data-link=\"https:\/\/rave-minerals.de\/wordpress\/webshop\/180620-f-il571-001-2\/\" data-url=\"https:\/\/rave-minerals.de\/wordpress\/wp-content\/uploads\/2020\/07\/180620-F-IL571-001-2.jpg\" data-width=\"909\" src=\"https:\/\/i0.wp.com\/rave-minerals.de\/wordpress\/wp-content\/uploads\/2020\/07\/180620-F-IL571-001-2.jpg?ssl=1&amp;resize=840%2C840\" layout=\"responsive\"\/><\/figure><\/div><div class=\"tiled-gallery__col\"><figure class=\"tiled-gallery__item\"><img decoding=\"async\" srcset=\"https:\/\/i1.wp.com\/rave-minerals.de\/wordpress\/wp-content\/uploads\/2020\/07\/s-l1600-1.jpg?resize=370%2C370&#038;strip=info&#038;ssl=1 370w\" alt=\"\" data-height=\"370\" data-id=\"254\" data-link=\"https:\/\/rave-minerals.de\/wordpress\/webshop\/processed-by-ebay-with-imagemagick-z1-1-0-b2-2\/\" data-url=\"https:\/\/rave-minerals.de\/wordpress\/wp-content\/uploads\/2020\/07\/s-l1600-1.jpg\" data-width=\"398\" src=\"https:\/\/i1.wp.com\/rave-minerals.de\/wordpress\/wp-content\/uploads\/2020\/07\/s-l1600-1.jpg?ssl=1&amp;resize=370%2C370\" layout=\"responsive\"\/><\/figure><\/div><div class=\"tiled-gallery__col\"><figure class=\"tiled-gallery__item\"><img decoding=\"async\" srcset=\"https:\/\/i2.wp.com\/rave-minerals.de\/wordpress\/wp-content\/uploads\/2020\/07\/Magnetic_disc_system_for_polishing-1.jpg?resize=600%2C600&#038;strip=info&#038;ssl=1 600w,https:\/\/i2.wp.com\/rave-minerals.de\/wordpress\/wp-content\/uploads\/2020\/07\/Magnetic_disc_system_for_polishing-1.jpg?resize=691%2C691&#038;strip=info&#038;ssl=1 691w\" alt=\"\" data-height=\"691\" data-id=\"252\" data-link=\"https:\/\/rave-minerals.de\/wordpress\/webshop\/magnetic_disc_system_for_polishing-1\/\" data-url=\"https:\/\/rave-minerals.de\/wordpress\/wp-content\/uploads\/2020\/07\/Magnetic_disc_system_for_polishing-1.jpg\" data-width=\"828\" src=\"https:\/\/i2.wp.com\/rave-minerals.de\/wordpress\/wp-content\/uploads\/2020\/07\/Magnetic_disc_system_for_polishing-1.jpg?ssl=1&amp;resize=691%2C691\" layout=\"responsive\"\/><\/figure><\/div><div class=\"tiled-gallery__col\"><figure class=\"tiled-gallery__item\"><img decoding=\"async\" srcset=\"https:\/\/i2.wp.com\/rave-minerals.de\/wordpress\/wp-content\/uploads\/2020\/07\/Siliziumkarbid-AS.jpg?resize=600%2C600&#038;strip=info&#038;ssl=1 600w,https:\/\/i2.wp.com\/rave-minerals.de\/wordpress\/wp-content\/uploads\/2020\/07\/Siliziumkarbid-AS.jpg?resize=800%2C800&#038;strip=info&#038;ssl=1 800w\" alt=\"\" data-height=\"800\" data-id=\"211\" data-link=\"https:\/\/rave-minerals.de\/wordpress\/startseite\/siliziumkarbid-as\/\" data-url=\"https:\/\/rave-minerals.de\/wordpress\/wp-content\/uploads\/2020\/07\/Siliziumkarbid-AS.jpg\" data-width=\"800\" src=\"https:\/\/i2.wp.com\/rave-minerals.de\/wordpress\/wp-content\/uploads\/2020\/07\/Siliziumkarbid-AS.jpg?ssl=1&amp;resize=800%2C800\" layout=\"responsive\"\/><\/figure><\/div><div class=\"tiled-gallery__col\"><figure class=\"tiled-gallery__item\"><img decoding=\"async\" srcset=\"https:\/\/i1.wp.com\/rave-minerals.de\/wordpress\/wp-content\/uploads\/2020\/07\/man-working-light-night-tool-red-1251808-pxhere.com_-1.jpg?resize=600%2C600&#038;strip=info&#038;ssl=1 600w,https:\/\/i1.wp.com\/rave-minerals.de\/wordpress\/wp-content\/uploads\/2020\/07\/man-working-light-night-tool-red-1251808-pxhere.com_-1.jpg?resize=900%2C900&#038;strip=info&#038;ssl=1 900w,https:\/\/i1.wp.com\/rave-minerals.de\/wordpress\/wp-content\/uploads\/2020\/07\/man-working-light-night-tool-red-1251808-pxhere.com_-1.jpg?resize=1167%2C1167&#038;strip=info&#038;ssl=1 1167w\" alt=\"\" data-height=\"1167\" data-id=\"253\" data-link=\"https:\/\/rave-minerals.de\/wordpress\/webshop\/man-working-light-night-tool-red-1251808-pxhere-com_-1\/\" data-url=\"https:\/\/rave-minerals.de\/wordpress\/wp-content\/uploads\/2020\/07\/man-working-light-night-tool-red-1251808-pxhere.com_-1.jpg\" data-width=\"1182\" src=\"https:\/\/i1.wp.com\/rave-minerals.de\/wordpress\/wp-content\/uploads\/2020\/07\/man-working-light-night-tool-red-1251808-pxhere.com_-1.jpg?ssl=1&amp;resize=1167%2C1167\" layout=\"responsive\"\/><\/figure><\/div><\/div><\/div><\/div>\n\n\n\n<h2 class=\"wp-block-heading\">Begriffserkl\u00e4rung<\/h2>\n\n\n\n<p>FEPA steht f\u00fcr Federation of European Producers of Abrasives und ist die europ\u00e4ische Vereinigung der Schleifmittelhersteller. In der FEPA-Norm sind verschiedene K\u00f6rnungsklassen definiert:<\/p>\n\n\n\n<ul class=\"wp-block-list\"><li>F4-F220 f\u00fcr sogenannte Makrok\u00f6rnungen f\u00fcr den Bereich 5,6mm-0,045mm<\/li><li>F230-F1200 klassifizieren die sogenannten Mikrok\u00f6rnungen f\u00fcr die Bereiche:  53-3\u00b5m<\/li><\/ul>\n\n\n\n<p>In der FEPA-Norm werden au\u00dferdem noch zwischen P-K\u00f6rnung (ausschlie\u00dflich f\u00fcr Schleifpapier) und F-K\u00f6rnung (z.B. Schleifsteine) differenziert.<\/p>\n\n\n\n<h2 class=\"wp-block-heading\">Chemische Analyse % (typisch) F <a href=\"https:\/\/rave-minerals.de\/wordpress\/produkt-kategorie\/sic_fepa_makro\/\">Makrok\u00f6rnung<\/a><\/h2>\n\n\n\n<figure class=\"wp-block-table is-style-stripes\"><table><tbody><tr><td>SiC<\/td><td>Fe<sub>2<\/sub>O<sub>3<\/sub><\/td><td>Freies C<\/td><td>Magnetfraktion<\/td><\/tr><tr><td>min. 97<\/td><td>0,24<\/td><td>max. 0,24<\/td><td>0,2<\/td><\/tr><\/tbody><\/table><figcaption>Tabelle: typ. Chemische Analyse SiC F Makro<\/figcaption><\/figure>\n\n\n\n<h2 class=\"wp-block-heading\">Chemische Analyse % (typisch) F Mikrok\u00f6rnung<\/h2>\n\n\n\n<figure class=\"wp-block-table is-style-stripes\"><table><tbody><tr><td class=\"has-text-align-center\" data-align=\"center\"><strong>&nbsp;<\/strong><\/td><td class=\"has-text-align-center\" data-align=\"center\"><strong>SiC<\/strong><\/td><td class=\"has-text-align-center\" data-align=\"center\"><strong>freies C<\/strong><\/td><td class=\"has-text-align-center\" data-align=\"center\"><strong>freies S<\/strong>i<\/td><td class=\"has-text-align-center\" data-align=\"center\"><strong>SiO<sub>2<\/sub><\/strong><\/td><\/tr><tr><td class=\"has-text-align-center\" data-align=\"center\"><strong>F230<\/strong><\/td><td class=\"has-text-align-center\" data-align=\"center\">min. 98,5<\/td><td class=\"has-text-align-center\" data-align=\"center\">max. 0,3<\/td><td class=\"has-text-align-center\" data-align=\"center\">max. 0,6<\/td><td class=\"has-text-align-center\" data-align=\"center\">max. 0,7<\/td><\/tr><tr><td class=\"has-text-align-center\" data-align=\"center\"><strong>F240, F280, F 320<\/strong><\/td><td class=\"has-text-align-center\" data-align=\"center\">min. 98,5<\/td><td class=\"has-text-align-center\" data-align=\"center\">max. 0,3<\/td><td class=\"has-text-align-center\" data-align=\"center\">max. 0,6<\/td><td class=\"has-text-align-center\" data-align=\"center\">max. 0,7<\/td><\/tr><tr><td class=\"has-text-align-center\" data-align=\"center\"><strong>F400, F500<\/strong><\/td><td class=\"has-text-align-center\" data-align=\"center\">min. 97,0<\/td><td class=\"has-text-align-center\" data-align=\"center\">max. 0,3<\/td><td class=\"has-text-align-center\" data-align=\"center\">max. 1,2<\/td><td class=\"has-text-align-center\" data-align=\"center\">max. 0,9<\/td><\/tr><tr><td class=\"has-text-align-center\" data-align=\"center\"><strong>F600, F800<\/strong><\/td><td class=\"has-text-align-center\" data-align=\"center\">min. 95,5<\/td><td class=\"has-text-align-center\" data-align=\"center\">max. 0,3<\/td><td class=\"has-text-align-center\" data-align=\"center\">max. 2,5<\/td><td class=\"has-text-align-center\" data-align=\"center\">max. 1,5<\/td><\/tr><tr><td class=\"has-text-align-center\" data-align=\"center\"><strong>F1000<\/strong><\/td><td class=\"has-text-align-center\" data-align=\"center\">min. 94,5<\/td><td class=\"has-text-align-center\" data-align=\"center\">max. 0,23<\/td><td class=\"has-text-align-center\" data-align=\"center\">max. 2,5<\/td><td class=\"has-text-align-center\" data-align=\"center\">max. 3,0<\/td><\/tr><tr><td class=\"has-text-align-center\" data-align=\"center\"><strong>F1200<\/strong><\/td><td class=\"has-text-align-center\" data-align=\"center\">min. 93,8<\/td><td class=\"has-text-align-center\" data-align=\"center\">max. 0,4<\/td><td class=\"has-text-align-center\" data-align=\"center\">max. 2,5<\/td><td class=\"has-text-align-center\" data-align=\"center\">max. 3,8<\/td><\/tr><tr><td class=\"has-text-align-center\" data-align=\"center\"><strong>F1500<\/strong>*<\/td><td class=\"has-text-align-center\" data-align=\"center\">min. 93,0<\/td><td class=\"has-text-align-center\" data-align=\"center\">max. 0,4<\/td><td class=\"has-text-align-center\" data-align=\"center\">max. 2,5<\/td><td class=\"has-text-align-center\" data-align=\"center\">max. 4,5<\/td><\/tr><\/tbody><\/table><figcaption><em>Tabelle: typ. Chemische Analyse SiC F Mikro<\/em><br>* in der Norm nicht definiert<\/figcaption><\/figure>\n\n\n\n<h2 class=\"wp-block-heading\">Verf\u00fcgbare <a href=\"https:\/\/rave-minerals.de\/wordpress\/produkt-kategorie\/sic_fepa_makro\/\">Makrok\u00f6rnungen<\/a><\/h2>\n\n\n\n<figure class=\"wp-block-table aligncenter is-style-stripes\"><table><tbody><tr><td class=\"has-text-align-center\" data-align=\"center\"><strong>FEPA-K\u00f6rnung<\/strong><\/td><td class=\"has-text-align-center\" data-align=\"center\"><strong>Maschenweite <br>gr\u00f6\u00dftes Sieb <br>[mm]<\/strong><\/td><td class=\"has-text-align-center\" data-align=\"center\"><strong>Kornbereich <br>[mm]<\/strong><\/td><td class=\"has-text-align-center\" data-align=\"center\"><strong>Maschenweite <br>kleinstes Sieb<br>[mm]<\/strong><\/td><td class=\"has-text-align-center\" data-align=\"center\"><strong>max. Rest <br>[%]<\/strong><\/td><\/tr><tr><td class=\"has-text-align-center\" data-align=\"center\"><strong><a href=\"https:\/\/rave-minerals.de\/wordpress\/produkt\/sic-fepa-f12\/\">F12<\/a><\/strong><\/td><td class=\"has-text-align-center\" data-align=\"center\">2,80<\/td><td class=\"has-text-align-center\" data-align=\"center\">1,40-2,00<\/td><td class=\"has-text-align-center\" data-align=\"center\">1,18<\/td><td class=\"has-text-align-center\" data-align=\"center\">3<\/td><\/tr><tr><td class=\"has-text-align-center\" data-align=\"center\"><strong><a href=\"https:\/\/rave-minerals.de\/wordpress\/produkt\/sic-fepa-f14\/\">F14<\/a><\/strong><\/td><td class=\"has-text-align-center\" data-align=\"center\">2,36<\/td><td class=\"has-text-align-center\" data-align=\"center\">1,18-1,70<\/td><td class=\"has-text-align-center\" data-align=\"center\">1<\/td><td class=\"has-text-align-center\" data-align=\"center\">3<\/td><\/tr><tr><td class=\"has-text-align-center\" data-align=\"center\"><strong><a href=\"https:\/\/rave-minerals.de\/wordpress\/produkt\/sic-fepa-f16\/\">F16<\/a><\/strong><\/td><td class=\"has-text-align-center\" data-align=\"center\">2,00<\/td><td class=\"has-text-align-center\" data-align=\"center\">1,00-1,40<\/td><td class=\"has-text-align-center\" data-align=\"center\">0,850<\/td><td class=\"has-text-align-center\" data-align=\"center\">3<\/td><\/tr><tr><td class=\"has-text-align-center\" data-align=\"center\"><strong><a href=\"https:\/\/rave-minerals.de\/wordpress\/produkt\/sic-fepa-f20\/\">F20<\/a><\/strong><\/td><td class=\"has-text-align-center\" data-align=\"center\">1,70<\/td><td class=\"has-text-align-center\" data-align=\"center\">0,85-1,18<\/td><td class=\"has-text-align-center\" data-align=\"center\">0,710<\/td><td class=\"has-text-align-center\" data-align=\"center\">3<\/td><\/tr><tr><td class=\"has-text-align-center\" data-align=\"center\"><strong><a href=\"https:\/\/rave-minerals.de\/wordpress\/produkt\/sic-fepa-f22\">F22<\/a><\/strong><\/td><td class=\"has-text-align-center\" data-align=\"center\">1,40<\/td><td class=\"has-text-align-center\" data-align=\"center\">0,71-1,00<\/td><td class=\"has-text-align-center\" data-align=\"center\">0,600<\/td><td class=\"has-text-align-center\" data-align=\"center\">3<\/td><\/tr><tr><td class=\"has-text-align-center\" data-align=\"center\"><strong><a href=\"https:\/\/rave-minerals.de\/wordpress\/produkt\/sic-fepa-f24\">F24<\/a><\/strong><\/td><td class=\"has-text-align-center\" data-align=\"center\">1,18<\/td><td class=\"has-text-align-center\" data-align=\"center\">0,600-0,850<\/td><td class=\"has-text-align-center\" data-align=\"center\">0,500<\/td><td class=\"has-text-align-center\" data-align=\"center\">3<\/td><\/tr><tr><td class=\"has-text-align-center\" data-align=\"center\"><strong><a href=\"https:\/\/rave-minerals.de\/wordpress\/produkt\/sic-fepa-f30\">F30<\/a><\/strong><\/td><td class=\"has-text-align-center\" data-align=\"center\">1,00<\/td><td class=\"has-text-align-center\" data-align=\"center\">0,500-0,710<\/td><td class=\"has-text-align-center\" data-align=\"center\">0,425<\/td><td class=\"has-text-align-center\" data-align=\"center\">3<\/td><\/tr><tr><td class=\"has-text-align-center\" data-align=\"center\"><strong><a href=\"https:\/\/rave-minerals.de\/wordpress\/produkt\/sic-fepa-f36\">F36<\/a><\/strong><\/td><td class=\"has-text-align-center\" data-align=\"center\">0,85<\/td><td class=\"has-text-align-center\" data-align=\"center\">0,425-0,600<\/td><td class=\"has-text-align-center\" data-align=\"center\">0,355<\/td><td class=\"has-text-align-center\" data-align=\"center\">3<\/td><\/tr><tr><td class=\"has-text-align-center\" data-align=\"center\"><strong><a href=\"https:\/\/rave-minerals.de\/wordpress\/produkt\/sic-fepa-f40\">F40<\/a><\/strong><\/td><td class=\"has-text-align-center\" data-align=\"center\">0,71<\/td><td class=\"has-text-align-center\" data-align=\"center\">0,355-0,500<\/td><td class=\"has-text-align-center\" data-align=\"center\">0,300<\/td><td class=\"has-text-align-center\" data-align=\"center\">3<\/td><\/tr><tr><td class=\"has-text-align-center\" data-align=\"center\"><strong><a href=\"https:\/\/rave-minerals.de\/wordpress\/produkt\/sic-fepa-f46\">F46<\/a><\/strong><\/td><td class=\"has-text-align-center\" data-align=\"center\">0,60<\/td><td class=\"has-text-align-center\" data-align=\"center\">0,300-0,425<\/td><td class=\"has-text-align-center\" data-align=\"center\">0,250<\/td><td class=\"has-text-align-center\" data-align=\"center\">3<\/td><\/tr><tr><td class=\"has-text-align-center\" data-align=\"center\"><strong><a href=\"https:\/\/rave-minerals.de\/wordpress\/produkt\/sic-fepa-f54\">F54<\/a><\/strong><\/td><td class=\"has-text-align-center\" data-align=\"center\">0,50<\/td><td class=\"has-text-align-center\" data-align=\"center\">0,250-0,355<\/td><td class=\"has-text-align-center\" data-align=\"center\">0,212<\/td><td class=\"has-text-align-center\" data-align=\"center\">3<\/td><\/tr><tr><td class=\"has-text-align-center\" data-align=\"center\"><strong><a href=\"https:\/\/rave-minerals.de\/wordpress\/produkt\/sic-fepa-f60\">F60<\/a><\/strong><\/td><td class=\"has-text-align-center\" data-align=\"center\">0,425<\/td><td class=\"has-text-align-center\" data-align=\"center\">0,212-0,300<\/td><td class=\"has-text-align-center\" data-align=\"center\">0,180<\/td><td class=\"has-text-align-center\" data-align=\"center\">3<\/td><\/tr><tr><td class=\"has-text-align-center\" data-align=\"center\"><strong><a href=\"https:\/\/rave-minerals.de\/wordpress\/produkt\/sic-fepa-f70\">F70<\/a><\/strong><\/td><td class=\"has-text-align-center\" data-align=\"center\">0,355<\/td><td class=\"has-text-align-center\" data-align=\"center\">0,250-0,180<\/td><td class=\"has-text-align-center\" data-align=\"center\">0,150<\/td><td class=\"has-text-align-center\" data-align=\"center\">3<\/td><\/tr><tr><td class=\"has-text-align-center\" data-align=\"center\"><strong><a href=\"https:\/\/rave-minerals.de\/wordpress\/produkt\/sic-fepa-f80\">F80<\/a><\/strong><\/td><td class=\"has-text-align-center\" data-align=\"center\">0,300<\/td><td class=\"has-text-align-center\" data-align=\"center\">0,150-0,212<\/td><td class=\"has-text-align-center\" data-align=\"center\">0,125<\/td><td class=\"has-text-align-center\" data-align=\"center\">3<\/td><\/tr><tr><td class=\"has-text-align-center\" data-align=\"center\"><strong><a href=\"https:\/\/rave-minerals.de\/wordpress\/produkt\/sic-fepa-f90\">F90<\/a><\/strong><\/td><td class=\"has-text-align-center\" data-align=\"center\">0,250<\/td><td class=\"has-text-align-center\" data-align=\"center\">0,125-0,180<\/td><td class=\"has-text-align-center\" data-align=\"center\">0,106<\/td><td class=\"has-text-align-center\" data-align=\"center\">3<\/td><\/tr><tr><td class=\"has-text-align-center\" data-align=\"center\"><strong><a href=\"https:\/\/rave-minerals.de\/wordpress\/produkt\/sic-fepa-f100\">F100<\/a><\/strong><\/td><td class=\"has-text-align-center\" data-align=\"center\">0,212<\/td><td class=\"has-text-align-center\" data-align=\"center\">0,106-0,150<\/td><td class=\"has-text-align-center\" data-align=\"center\">0,075<\/td><td class=\"has-text-align-center\" data-align=\"center\">3<\/td><\/tr><tr><td class=\"has-text-align-center\" data-align=\"center\"><strong><a href=\"https:\/\/rave-minerals.de\/wordpress\/produkt\/sic-fepa-f120\">F120<\/a><\/strong><\/td><td class=\"has-text-align-center\" data-align=\"center\">0,180<\/td><td class=\"has-text-align-center\" data-align=\"center\">0,090-0,125<\/td><td class=\"has-text-align-center\" data-align=\"center\">0,063<\/td><td class=\"has-text-align-center\" data-align=\"center\">3<\/td><\/tr><tr><td class=\"has-text-align-center\" data-align=\"center\"><strong><a href=\"https:\/\/rave-minerals.de\/wordpress\/produkt\/sic-fepa-f150\">F150<\/a><\/strong><\/td><td class=\"has-text-align-center\" data-align=\"center\">0,150<\/td><td class=\"has-text-align-center\" data-align=\"center\">0,063-0,106<\/td><td class=\"has-text-align-center\" data-align=\"center\">0,045<\/td><td class=\"has-text-align-center\" data-align=\"center\">3<\/td><\/tr><tr><td class=\"has-text-align-center\" data-align=\"center\"><strong><a href=\"https:\/\/rave-minerals.de\/wordpress\/produkt\/sic-fepa-f180\">F180<\/a><\/strong><\/td><td class=\"has-text-align-center\" data-align=\"center\">0,125<\/td><td class=\"has-text-align-center\" data-align=\"center\">0,053-0,090<\/td><td class=\"has-text-align-center\" data-align=\"center\">0,053<\/td><td class=\"has-text-align-center\" data-align=\"center\">&#8211;<\/td><\/tr><tr><td class=\"has-text-align-center\" data-align=\"center\"><strong><a href=\"https:\/\/rave-minerals.de\/wordpress\/produkt\/sic-fepa-f220\">F220<\/a><\/strong><\/td><td class=\"has-text-align-center\" data-align=\"center\">0,106<\/td><td class=\"has-text-align-center\" data-align=\"center\">0,045-0,075<\/td><td class=\"has-text-align-center\" data-align=\"center\">0,045<\/td><td class=\"has-text-align-center\" data-align=\"center\">&#8211;<\/td><\/tr><\/tbody><\/table><figcaption>Tabelle: FEPA F Makrok\u00f6rnungen<\/figcaption><\/figure>\n\n\n\n<h2 class=\"wp-block-heading\">Verf\u00fcgbare Mikrok\u00f6rnungen<\/h2>\n\n\n\n<figure class=\"wp-block-table is-style-stripes\"><table><tbody><tr><td class=\"has-text-align-center\" data-align=\"center\"><strong>FEPA-K\u00f6rnung<\/strong><\/td><td class=\"has-text-align-center\" data-align=\"center\"><strong>oberes Limit <br>d<sub>s3 <\/sub><br>[\u00b5m]<\/strong><\/td><td class=\"has-text-align-center\" data-align=\"center\"><strong>mittlere Korngr\u00f6\u00dfe <br>d<sub>s50 <\/sub><br>[\u00b5m]<\/strong><\/td><td class=\"has-text-align-center\" data-align=\"center\"><strong>unteres Limit <br>d<sub>s94 <\/sub><br>[\u00b5m]<\/strong><\/td><\/tr><tr><td class=\"has-text-align-center\" data-align=\"center\"><strong>F230<\/strong><\/td><td class=\"has-text-align-center\" data-align=\"center\">82<\/td><td class=\"has-text-align-center\" data-align=\"center\">53 \u00b13<\/td><td class=\"has-text-align-center\" data-align=\"center\">34<\/td><\/tr><tr><td class=\"has-text-align-center\" data-align=\"center\"><strong>F240<\/strong><\/td><td class=\"has-text-align-center\" data-align=\"center\">70<\/td><td class=\"has-text-align-center\" data-align=\"center\">44,5 \u00b12<\/td><td class=\"has-text-align-center\" data-align=\"center\">28<\/td><\/tr><tr><td class=\"has-text-align-center\" data-align=\"center\"><strong>F280<\/strong><\/td><td class=\"has-text-align-center\" data-align=\"center\">59<\/td><td class=\"has-text-align-center\" data-align=\"center\">36,5 \u00b11,5<\/td><td class=\"has-text-align-center\" data-align=\"center\">22<\/td><\/tr><tr><td class=\"has-text-align-center\" data-align=\"center\"><strong>F320<\/strong><\/td><td class=\"has-text-align-center\" data-align=\"center\">49<\/td><td class=\"has-text-align-center\" data-align=\"center\">29,2 \u00b11,5<\/td><td class=\"has-text-align-center\" data-align=\"center\">16,5<\/td><\/tr><tr><td class=\"has-text-align-center\" data-align=\"center\"><strong>F360<\/strong><\/td><td class=\"has-text-align-center\" data-align=\"center\">40<\/td><td class=\"has-text-align-center\" data-align=\"center\">22,8 \u00b11,5<\/td><td class=\"has-text-align-center\" data-align=\"center\">12<\/td><\/tr><tr><td class=\"has-text-align-center\" data-align=\"center\"><strong>F400<\/strong><\/td><td class=\"has-text-align-center\" data-align=\"center\">32<\/td><td class=\"has-text-align-center\" data-align=\"center\">17,3 \u00b11<\/td><td class=\"has-text-align-center\" data-align=\"center\">8<\/td><\/tr><tr><td class=\"has-text-align-center\" data-align=\"center\"><strong>F500<\/strong><\/td><td class=\"has-text-align-center\" data-align=\"center\">25<\/td><td class=\"has-text-align-center\" data-align=\"center\">12,8 \u00b11<\/td><td class=\"has-text-align-center\" data-align=\"center\">5<\/td><\/tr><tr><td class=\"has-text-align-center\" data-align=\"center\"><strong>F600<\/strong><\/td><td class=\"has-text-align-center\" data-align=\"center\">19<\/td><td class=\"has-text-align-center\" data-align=\"center\">9,3 \u00b11<\/td><td class=\"has-text-align-center\" data-align=\"center\">3<\/td><\/tr><tr><td class=\"has-text-align-center\" data-align=\"center\"><strong>F800<\/strong><\/td><td class=\"has-text-align-center\" data-align=\"center\">14<\/td><td class=\"has-text-align-center\" data-align=\"center\">6,5 \u00b11<\/td><td class=\"has-text-align-center\" data-align=\"center\">2<\/td><\/tr><tr><td class=\"has-text-align-center\" data-align=\"center\"><strong>F1000<\/strong><\/td><td class=\"has-text-align-center\" data-align=\"center\">10<\/td><td class=\"has-text-align-center\" data-align=\"center\">4,5 \u00b10,8<\/td><td class=\"has-text-align-center\" data-align=\"center\">1<\/td><\/tr><tr><td class=\"has-text-align-center\" data-align=\"center\"><strong>F1200<\/strong><\/td><td class=\"has-text-align-center\" data-align=\"center\">7<\/td><td class=\"has-text-align-center\" data-align=\"center\">3 \u00b10,8<\/td><td class=\"has-text-align-center\" data-align=\"center\">1 <sub>(bei 80%)<\/sub><\/td><\/tr><\/tbody><\/table><figcaption>Tabelle: FEPA F Mikrok\u00f6rnungen<\/figcaption><\/figure>\n","protected":false},"excerpt":{"rendered":"<p>Anwendungen Schleifen Strahlen Honen L\u00e4ppen Begriffserkl\u00e4rung FEPA steht f\u00fcr Federation of European Producers of Abrasives und ist die europ\u00e4ische Vereinigung der Schleifmittelhersteller. In der FEPA-Norm sind verschiedene K\u00f6rnungsklassen definiert: F4-F220 f\u00fcr sogenannte Makrok\u00f6rnungen f\u00fcr den Bereich 5,6mm-0,045mm F230-F1200 klassifizieren die sogenannten Mikrok\u00f6rnungen f\u00fcr die Bereiche: 53-3\u00b5m In der FEPA-Norm werden au\u00dferdem noch zwischen P-K\u00f6rnung (ausschlie\u00dflich &hellip; <\/p>\n<p class=\"link-more\"><a href=\"https:\/\/rave-minerals.de\/wordpress\/siliziumkarbid-sic\/\" class=\"more-link\"><span class=\"screen-reader-text\">\u201eSiliziumkarbid (SiC) in FEPA Makro- und Mikrok\u00f6rnung\u201c<\/span> weiterlesen<\/a><\/p>\n","protected":false},"author":1,"featured_media":0,"parent":0,"menu_order":0,"comment_status":"closed","ping_status":"closed","template":"","meta":{"footnotes":""},"class_list":["post-506","page","type-page","status-publish","hentry"],"jetpack_sharing_enabled":true,"_links":{"self":[{"href":"https:\/\/rave-minerals.de\/wordpress\/wp-json\/wp\/v2\/pages\/506","targetHints":{"allow":["GET"]}}],"collection":[{"href":"https:\/\/rave-minerals.de\/wordpress\/wp-json\/wp\/v2\/pages"}],"about":[{"href":"https:\/\/rave-minerals.de\/wordpress\/wp-json\/wp\/v2\/types\/page"}],"author":[{"embeddable":true,"href":"https:\/\/rave-minerals.de\/wordpress\/wp-json\/wp\/v2\/users\/1"}],"replies":[{"embeddable":true,"href":"https:\/\/rave-minerals.de\/wordpress\/wp-json\/wp\/v2\/comments?post=506"}],"version-history":[{"count":14,"href":"https:\/\/rave-minerals.de\/wordpress\/wp-json\/wp\/v2\/pages\/506\/revisions"}],"predecessor-version":[{"id":727,"href":"https:\/\/rave-minerals.de\/wordpress\/wp-json\/wp\/v2\/pages\/506\/revisions\/727"}],"wp:attachment":[{"href":"https:\/\/rave-minerals.de\/wordpress\/wp-json\/wp\/v2\/media?parent=506"}],"curies":[{"name":"wp","href":"https:\/\/api.w.org\/{rel}","templated":true}]}}