{"id":26,"date":"2020-06-23T18:20:36","date_gmt":"2020-06-23T16:20:36","guid":{"rendered":"http:\/\/rave-minerals.de\/wordpress\/?page_id=26"},"modified":"2020-08-17T14:32:38","modified_gmt":"2020-08-17T12:32:38","slug":"startseite","status":"publish","type":"page","link":"https:\/\/rave-minerals.de\/wordpress\/","title":{"rendered":"KERAMISCHE ROHSTOFFE | TEMPERATURMESSUNG | HOCHTEMPERATURKOMPONENTEN"},"content":{"rendered":"\n<p>Wir sind seit \u00fcber 20 Jahren Partner wenn es darum geht Probleme im keramischen oder feuerfesten Bereich zu L\u00f6sen. <\/p>\n\n\n\n<h2 class=\"wp-block-heading\"><a href=\"https:\/\/rave-minerals.de\/wordpress\/ptcr-temperaturkontrollringe-von-560c-1750c\/\">PTCR f\u00fcr Temperaturen von 560 bis 1750\u00b0C<\/a><\/h2>\n\n\n\n<div class=\"wp-block-media-text alignwide has-media-on-the-right is-stacked-on-mobile is-vertically-aligned-top is-image-fill\" style=\"grid-template-columns:auto 40%\"><figure class=\"wp-block-media-text__media\" style=\"background-image:url(https:\/\/rave-minerals.de\/wordpress\/wp-content\/uploads\/2020\/07\/mikrometer_mitBeschriftung_cmyk-1024x630.jpg);background-position:50% 50%\"><img loading=\"lazy\" decoding=\"async\" width=\"1024\" height=\"630\" src=\"https:\/\/rave-minerals.de\/wordpress\/wp-content\/uploads\/2020\/07\/mikrometer_mitBeschriftung_cmyk-1024x630.jpg\" alt=\"ptcr_micrometer\" class=\"wp-image-267\"\/><\/figure><div class=\"wp-block-media-text__content\">\n<p class=\"has-text-align-justify\"><a href=\"https:\/\/rave-minerals.de\/wordpress\/produkt-kategorie\/temperaturkontrolle-ptcr\/\">PTCR<\/a>-Ringe zur Temperatur\u00fcberwachung von Brenngut w\u00e4hrend der Ofenreise. Die Ringe dienen also zur In-Situ-Messung der Temperatureinwirkung auf das zu brennende Material.<br>PTCR haben sich als gute Alternative zu Segerkegeln, Ortonkegeln, Sinter-Ringen, Bullers-Ringen oder \u00e4hnlichem etabliert.<\/p>\n<\/div><\/div>\n\n\n\n<h2 class=\"wp-block-heading\">SiC (Siliziumkarbid) nach FEPA Norm<\/h2>\n\n\n\n<div class=\"wp-block-media-text alignwide is-stacked-on-mobile\" style=\"grid-template-columns:34% auto\"><figure class=\"wp-block-media-text__media\"><img loading=\"lazy\" decoding=\"async\" width=\"566\" height=\"565\" src=\"https:\/\/rave-minerals.de\/wordpress\/wp-content\/uploads\/2020\/07\/Cristal_Carborandum_Carborundum_Moissanite_artificielle_FL_GLAM_MHNL_2016_d_06-1.jpg\" alt=\"\" class=\"wp-image-250\" srcset=\"https:\/\/rave-minerals.de\/wordpress\/wp-content\/uploads\/2020\/07\/Cristal_Carborandum_Carborundum_Moissanite_artificielle_FL_GLAM_MHNL_2016_d_06-1.jpg 566w, https:\/\/rave-minerals.de\/wordpress\/wp-content\/uploads\/2020\/07\/Cristal_Carborandum_Carborundum_Moissanite_artificielle_FL_GLAM_MHNL_2016_d_06-1-300x300.jpg 300w, https:\/\/rave-minerals.de\/wordpress\/wp-content\/uploads\/2020\/07\/Cristal_Carborandum_Carborundum_Moissanite_artificielle_FL_GLAM_MHNL_2016_d_06-1-150x150.jpg 150w, https:\/\/rave-minerals.de\/wordpress\/wp-content\/uploads\/2020\/07\/Cristal_Carborandum_Carborundum_Moissanite_artificielle_FL_GLAM_MHNL_2016_d_06-1-100x100.jpg 100w, https:\/\/rave-minerals.de\/wordpress\/wp-content\/uploads\/2020\/07\/Cristal_Carborandum_Carborundum_Moissanite_artificielle_FL_GLAM_MHNL_2016_d_06-1-250x250.jpg 250w, https:\/\/rave-minerals.de\/wordpress\/wp-content\/uploads\/2020\/07\/Cristal_Carborandum_Carborundum_Moissanite_artificielle_FL_GLAM_MHNL_2016_d_06-1-350x349.jpg 350w\" sizes=\"auto, (max-width: 566px) 100vw, 566px\" \/><\/figure><div class=\"wp-block-media-text__content\">\n<p>SiC bieten wir hier nach FEPA Norm (ISO 8486 Teil 1 und 2) in Makro- und Mikrok\u00f6rnung an. F\u00fcr Anwendungen in Schneid- und Schleifkeramiken oder direkt als Abrasivmedium beim (Sand-)strahlen, polieren, honen und l\u00e4ppen. <\/p>\n\n\n\n<p>Makrok\u00f6rnung: F4-F220<br>Mikrok\u00f6rnung:  F240-F1200<\/p>\n\n\n\n<p>jeweils in 25kg Papiers\u00e4cken<\/p>\n<\/div><\/div>\n\n\n\n<h2 class=\"wp-block-heading\"><a href=\"https:\/\/www.rave-minerals.com\/de\/produkte#fertigprodukte\" target=\"_blank\" rel=\"noreferrer noopener\">Hochtemperaturkomponenten<\/a><\/h2>\n\n\n\n<div class=\"wp-block-media-text alignwide has-media-on-the-right is-stacked-on-mobile is-image-fill\" style=\"grid-template-columns:auto 35%\"><figure class=\"wp-block-media-text__media\" style=\"background-image:url(https:\/\/rave-minerals.de\/wordpress\/wp-content\/uploads\/2020\/07\/MoSi2-Heizelement.jpg);background-position:9% 80%\"><img loading=\"lazy\" decoding=\"async\" width=\"800\" height=\"800\" src=\"https:\/\/rave-minerals.de\/wordpress\/wp-content\/uploads\/2020\/07\/MoSi2-Heizelement.jpg\" alt=\"heating-element\" class=\"wp-image-206\" srcset=\"https:\/\/rave-minerals.de\/wordpress\/wp-content\/uploads\/2020\/07\/MoSi2-Heizelement.jpg 800w, https:\/\/rave-minerals.de\/wordpress\/wp-content\/uploads\/2020\/07\/MoSi2-Heizelement-300x300.jpg 300w, https:\/\/rave-minerals.de\/wordpress\/wp-content\/uploads\/2020\/07\/MoSi2-Heizelement-150x150.jpg 150w, https:\/\/rave-minerals.de\/wordpress\/wp-content\/uploads\/2020\/07\/MoSi2-Heizelement-768x768.jpg 768w, https:\/\/rave-minerals.de\/wordpress\/wp-content\/uploads\/2020\/07\/MoSi2-Heizelement-100x100.jpg 100w, https:\/\/rave-minerals.de\/wordpress\/wp-content\/uploads\/2020\/07\/MoSi2-Heizelement-250x250.jpg 250w, https:\/\/rave-minerals.de\/wordpress\/wp-content\/uploads\/2020\/07\/MoSi2-Heizelement-350x350.jpg 350w\" sizes=\"auto, (max-width: 706px) 89vw, (max-width: 767px) 82vw, 740px\" \/><\/figure><div class=\"wp-block-media-text__content\">\n<ul class=\"wp-block-list\"><li>Hochtemperaturisolation<ul><li>FL-Steine \/ Faser<\/li><\/ul><\/li><li>Heizelemente<ul><li>MoSi2 und SiC<\/li><\/ul><\/li><li>Brennhilfsmittel<\/li><\/ul>\n<\/div><\/div>\n\n\n\n<h2 class=\"wp-block-heading\">Beschaffung von keramischen Rohstoffen wie z.B.:<\/h2>\n\n\n\n<ul class=\"wp-block-list\"><li>SiC (Siliziumkarbid alle Qualit\u00e4ten und auch als g\u00fcnstiges Regenerat)<\/li><li>Al<sub>2<\/sub>O<sub>3<\/sub> (Edel-, Natur, Normalkorund, Tonerde)<\/li><li>SiO<sub>2<\/sub> (Quarzglas, Crisoballit)<\/li><li>ZrO<sub>2<\/sub>-haltig (Zirkonsand, Zirkonoxid, Zirkonmullit)<\/li><\/ul>\n\n\n\n<div class=\"wp-block-jetpack-tiled-gallery aligncenter is-style-square\"><div class=\"tiled-gallery__gallery\"><div class=\"tiled-gallery__row columns-5\"><div class=\"tiled-gallery__col\"><figure class=\"tiled-gallery__item\"><img decoding=\"async\" srcset=\"https:\/\/i0.wp.com\/rave-minerals.de\/wordpress\/wp-content\/uploads\/2020\/07\/Korund-AS.jpg?resize=600%2C600&#038;strip=info&#038;ssl=1 600w,https:\/\/i0.wp.com\/rave-minerals.de\/wordpress\/wp-content\/uploads\/2020\/07\/Korund-AS.jpg?resize=800%2C800&#038;strip=info&#038;ssl=1 800w\" alt=\"\" data-height=\"800\" data-id=\"205\" data-link=\"https:\/\/rave-minerals.de\/wordpress\/startseite\/korund-as\/\" data-url=\"https:\/\/rave-minerals.de\/wordpress\/wp-content\/uploads\/2020\/07\/Korund-AS.jpg\" data-width=\"800\" src=\"https:\/\/i0.wp.com\/rave-minerals.de\/wordpress\/wp-content\/uploads\/2020\/07\/Korund-AS.jpg?ssl=1&amp;resize=800%2C800\" layout=\"responsive\"\/><\/figure><\/div><div class=\"tiled-gallery__col\"><figure class=\"tiled-gallery__item\"><img decoding=\"async\" srcset=\"https:\/\/i0.wp.com\/rave-minerals.de\/wordpress\/wp-content\/uploads\/2020\/07\/Quarzglas-AS.jpg?resize=600%2C600&#038;strip=info&#038;ssl=1 600w,https:\/\/i0.wp.com\/rave-minerals.de\/wordpress\/wp-content\/uploads\/2020\/07\/Quarzglas-AS.jpg?resize=800%2C800&#038;strip=info&#038;ssl=1 800w\" alt=\"\" data-height=\"800\" data-id=\"208\" data-link=\"https:\/\/rave-minerals.de\/wordpress\/startseite\/quarzglas-as\/\" data-url=\"https:\/\/rave-minerals.de\/wordpress\/wp-content\/uploads\/2020\/07\/Quarzglas-AS.jpg\" data-width=\"800\" src=\"https:\/\/i0.wp.com\/rave-minerals.de\/wordpress\/wp-content\/uploads\/2020\/07\/Quarzglas-AS.jpg?ssl=1&amp;resize=800%2C800\" layout=\"responsive\"\/><\/figure><\/div><div class=\"tiled-gallery__col\"><figure class=\"tiled-gallery__item\"><img decoding=\"async\" srcset=\"https:\/\/i2.wp.com\/rave-minerals.de\/wordpress\/wp-content\/uploads\/2020\/07\/recycling01.jpg?resize=600%2C600&#038;strip=info&#038;ssl=1 600w,https:\/\/i2.wp.com\/rave-minerals.de\/wordpress\/wp-content\/uploads\/2020\/07\/recycling01.jpg?resize=800%2C800&#038;strip=info&#038;ssl=1 800w\" alt=\"\" data-height=\"800\" data-id=\"209\" data-link=\"https:\/\/rave-minerals.de\/wordpress\/startseite\/recycling01\/\" data-url=\"https:\/\/rave-minerals.de\/wordpress\/wp-content\/uploads\/2020\/07\/recycling01.jpg\" data-width=\"800\" src=\"https:\/\/i2.wp.com\/rave-minerals.de\/wordpress\/wp-content\/uploads\/2020\/07\/recycling01.jpg?ssl=1&amp;resize=800%2C800\" layout=\"responsive\"\/><\/figure><\/div><div class=\"tiled-gallery__col\"><figure class=\"tiled-gallery__item\"><img decoding=\"async\" srcset=\"https:\/\/i2.wp.com\/rave-minerals.de\/wordpress\/wp-content\/uploads\/2020\/07\/Siliziumkarbid-AS.jpg?resize=600%2C600&#038;strip=info&#038;ssl=1 600w,https:\/\/i2.wp.com\/rave-minerals.de\/wordpress\/wp-content\/uploads\/2020\/07\/Siliziumkarbid-AS.jpg?resize=800%2C800&#038;strip=info&#038;ssl=1 800w\" alt=\"\" data-height=\"800\" data-id=\"211\" data-link=\"https:\/\/rave-minerals.de\/wordpress\/startseite\/siliziumkarbid-as\/\" data-url=\"https:\/\/rave-minerals.de\/wordpress\/wp-content\/uploads\/2020\/07\/Siliziumkarbid-AS.jpg\" data-width=\"800\" src=\"https:\/\/i2.wp.com\/rave-minerals.de\/wordpress\/wp-content\/uploads\/2020\/07\/Siliziumkarbid-AS.jpg?ssl=1&amp;resize=800%2C800\" layout=\"responsive\"\/><\/figure><\/div><div class=\"tiled-gallery__col\"><figure class=\"tiled-gallery__item\"><img decoding=\"async\" srcset=\"https:\/\/i1.wp.com\/rave-minerals.de\/wordpress\/wp-content\/uploads\/2020\/07\/Zirkonoxide-AS.jpg?resize=600%2C600&#038;strip=info&#038;ssl=1 600w,https:\/\/i1.wp.com\/rave-minerals.de\/wordpress\/wp-content\/uploads\/2020\/07\/Zirkonoxide-AS.jpg?resize=800%2C800&#038;strip=info&#038;ssl=1 800w\" alt=\"\" data-height=\"800\" data-id=\"212\" data-link=\"https:\/\/rave-minerals.de\/wordpress\/startseite\/zirkonoxide-as\/\" data-url=\"https:\/\/rave-minerals.de\/wordpress\/wp-content\/uploads\/2020\/07\/Zirkonoxide-AS.jpg\" data-width=\"800\" src=\"https:\/\/i1.wp.com\/rave-minerals.de\/wordpress\/wp-content\/uploads\/2020\/07\/Zirkonoxide-AS.jpg?ssl=1&amp;resize=800%2C800\" layout=\"responsive\"\/><\/figure><\/div><\/div><\/div><\/div>\n\n\n\n<p>weitere Informationen zu unseren Produkten finden Sie auf <a href=\"https:\/\/www.rave-minerals.com\" target=\"_blank\" rel=\"noreferrer noopener\">https:\/\/www.rave-minerals.com<\/a><\/p>\n\n\n\n<h2 class=\"wp-block-heading\">Oder fragen Sie uns an:<\/h2>\n\n\n<div class=\"wp-block-jetpack-contact-form is-layout-flex wp-container-jetpack-contact-form-is-layout-faa3ad1c wp-block-contact-form-is-layout-flex\"><a href=\"https:\/\/rave-minerals.de\/wordpress\/\" target=\"_blank\" rel=\"noopener noreferrer\">Formular einreichen.<\/a><\/div>","protected":false},"excerpt":{"rendered":"<p>Wir sind seit \u00fcber 20 Jahren Partner wenn es darum geht Probleme im keramischen oder feuerfesten Bereich zu L\u00f6sen. PTCR f\u00fcr Temperaturen von 560 bis 1750\u00b0C PTCR-Ringe zur Temperatur\u00fcberwachung von Brenngut w\u00e4hrend der Ofenreise. Die Ringe dienen also zur In-Situ-Messung der Temperatureinwirkung auf das zu brennende Material.PTCR haben sich als gute Alternative zu Segerkegeln, Ortonkegeln, &hellip; <\/p>\n<p class=\"link-more\"><a href=\"https:\/\/rave-minerals.de\/wordpress\/\" class=\"more-link\"><span class=\"screen-reader-text\">\u201eKERAMISCHE ROHSTOFFE | TEMPERATURMESSUNG | HOCHTEMPERATURKOMPONENTEN\u201c<\/span> weiterlesen<\/a><\/p>\n","protected":false},"author":1,"featured_media":0,"parent":0,"menu_order":0,"comment_status":"closed","ping_status":"closed","template":"","meta":{"footnotes":""},"class_list":["post-26","page","type-page","status-publish","hentry"],"jetpack_sharing_enabled":true,"_links":{"self":[{"href":"https:\/\/rave-minerals.de\/wordpress\/wp-json\/wp\/v2\/pages\/26","targetHints":{"allow":["GET"]}}],"collection":[{"href":"https:\/\/rave-minerals.de\/wordpress\/wp-json\/wp\/v2\/pages"}],"about":[{"href":"https:\/\/rave-minerals.de\/wordpress\/wp-json\/wp\/v2\/types\/page"}],"author":[{"embeddable":true,"href":"https:\/\/rave-minerals.de\/wordpress\/wp-json\/wp\/v2\/users\/1"}],"replies":[{"embeddable":true,"href":"https:\/\/rave-minerals.de\/wordpress\/wp-json\/wp\/v2\/comments?post=26"}],"version-history":[{"count":37,"href":"https:\/\/rave-minerals.de\/wordpress\/wp-json\/wp\/v2\/pages\/26\/revisions"}],"predecessor-version":[{"id":505,"href":"https:\/\/rave-minerals.de\/wordpress\/wp-json\/wp\/v2\/pages\/26\/revisions\/505"}],"wp:attachment":[{"href":"https:\/\/rave-minerals.de\/wordpress\/wp-json\/wp\/v2\/media?parent=26"}],"curies":[{"name":"wp","href":"https:\/\/api.w.org\/{rel}","templated":true}]}}